{"id":25,"date":"2025-01-07T19:02:34","date_gmt":"2025-01-07T18:02:34","guid":{"rendered":"https:\/\/alternativ-accompagnement.fr\/?page_id=25"},"modified":"2026-03-31T22:39:20","modified_gmt":"2026-03-31T20:39:20","slug":"bienvenue-sur-alternativ-accompagnement","status":"publish","type":"page","link":"https:\/\/alternativ-accompagnement.fr\/","title":{"rendered":"Bienvenue sur ALTERNATIV&rsquo; Accompagnement"},"content":{"rendered":"\n<figure class=\"wp-block-image aligncenter size-medium is-resized\"><img loading=\"lazy\" decoding=\"async\" width=\"300\" height=\"300\" src=\"https:\/\/alternativ-accompagnement.fr\/wp-content\/uploads\/2026\/02\/logo_fond_transp-1-300x300.png\" alt=\"\" class=\"wp-image-85\" style=\"width:300px;height:auto\" srcset=\"https:\/\/alternativ-accompagnement.fr\/wp-content\/uploads\/2026\/02\/logo_fond_transp-1-300x300.png 300w, https:\/\/alternativ-accompagnement.fr\/wp-content\/uploads\/2026\/02\/logo_fond_transp-1-150x150.png 150w, https:\/\/alternativ-accompagnement.fr\/wp-content\/uploads\/2026\/02\/logo_fond_transp-1-768x768.png 768w, https:\/\/alternativ-accompagnement.fr\/wp-content\/uploads\/2026\/02\/logo_fond_transp-1.png 1024w\" sizes=\"auto, (max-width: 300px) 100vw, 300px\" \/><\/figure>\n\n\n\n<p>Alternativ\u2019 Accompagnement est une association d\u00e9di\u00e9e au <strong>d\u00e9veloppement personnel et au bien-\u00eatre<\/strong>, pour les <strong>adultes<\/strong> et les <strong>enfants<\/strong>. Nous proposons un espace unique o\u00f9 chacun peut venir puiser, partager et grandir gr\u00e2ce \u00e0 des <strong>ateliers th\u00e9matiques<\/strong>, des moments de d\u00e9tente et des \u00e9changes enrichissants.<\/p>\n\n\n\n<p><strong>Notre mission<\/strong> : Accompagner chaque individu dans son \u00e9panouissement personnel et\/ou professionnel, \u00e0 travers des formations, des ateliers interactifs, et du coaching individuel ou collectif.<\/p>\n\n\n\n<hr class=\"wp-block-separator has-alpha-channel-opacity\"\/>\n\n\n\n<h3 class=\"wp-block-heading\"><strong>Pourquoi nous rejoindre ?<\/strong><\/h3>\n\n\n\n<ul class=\"wp-block-list\">\n<li><strong>Acc\u00e8s privil\u00e9gi\u00e9<\/strong> : Inscrivez-vous en avant-premi\u00e8re \u00e0 nos ateliers.<\/li>\n\n\n\n<li><strong>Tarifs pr\u00e9f\u00e9rentiels<\/strong> : B\u00e9n\u00e9ficiez de r\u00e9ductions sur toutes nos animations.<\/li>\n\n\n\n<li><strong>Participez activement<\/strong> : Soumettez vos id\u00e9es et envies pour les futures activit\u00e9s.<\/li>\n\n\n\n<li><strong>Adh\u00e9sion annuelle<\/strong> : Seulement 5 \u20ac par famille (parents et enfants).<\/li>\n<\/ul>\n\n\n\n<hr class=\"wp-block-separator has-alpha-channel-opacity\"\/>\n\n\n\n<h3 class=\"wp-block-heading\"><strong>Nos activit\u00e9s<\/strong><\/h3>\n\n\n\n<ul class=\"wp-block-list\">\n<li><strong>Ateliers Parents\/Enfants<\/strong> : D\u00e9couverte des \u00e9motions, stimulation des 5 sens, yoga familial&#8230;<\/li>\n\n\n\n<li><strong>Animations Adultes<\/strong> : Relaxation, gestion du stress, d\u00e9veloppement personnel&#8230;<\/li>\n\n\n\n<li><strong>Voyages sonores<\/strong> : Profitez d\u2019une exp\u00e9rience immersive pour vous d\u00e9tendre profond\u00e9ment.<\/li>\n<\/ul>\n\n\n\n<hr class=\"wp-block-separator has-alpha-channel-opacity\"\/>\n\n\n\n<h3 class=\"wp-block-heading\" id=\"Events\"><strong>Prochains \u00e9v\u00e9nements<\/strong><\/h3>\n\n\n\n<figure class=\"wp-block-gallery has-nested-images columns-default is-cropped wp-block-gallery-1 is-layout-flex wp-block-gallery-is-layout-flex\">\n<figure class=\"wp-block-image size-large\"><img loading=\"lazy\" decoding=\"async\" width=\"724\" height=\"1024\" data-id=\"96\" src=\"https:\/\/alternativ-accompagnement.fr\/wp-content\/uploads\/2026\/03\/Animation-Jouons-avec-nos-emotions.pdf-1-724x1024.png\" alt=\"\" class=\"wp-image-96\" srcset=\"https:\/\/alternativ-accompagnement.fr\/wp-content\/uploads\/2026\/03\/Animation-Jouons-avec-nos-emotions.pdf-1-724x1024.png 724w, https:\/\/alternativ-accompagnement.fr\/wp-content\/uploads\/2026\/03\/Animation-Jouons-avec-nos-emotions.pdf-1-212x300.png 212w, https:\/\/alternativ-accompagnement.fr\/wp-content\/uploads\/2026\/03\/Animation-Jouons-avec-nos-emotions.pdf-1-768x1086.png 768w, https:\/\/alternativ-accompagnement.fr\/wp-content\/uploads\/2026\/03\/Animation-Jouons-avec-nos-emotions.pdf-1-1086x1536.png 1086w, https:\/\/alternativ-accompagnement.fr\/wp-content\/uploads\/2026\/03\/Animation-Jouons-avec-nos-emotions.pdf-1.png 1414w\" sizes=\"auto, (max-width: 724px) 100vw, 724px\" \/><\/figure>\n<\/figure>\n\n\n\n<figure class=\"wp-block-image size-large\"><img loading=\"lazy\" decoding=\"async\" width=\"724\" height=\"1024\" src=\"https:\/\/alternativ-accompagnement.fr\/wp-content\/uploads\/2025\/10\/Planning-2025-2026_ALTERNATIV-Accompagnement-724x1024.png\" alt=\"\" class=\"wp-image-65\" srcset=\"https:\/\/alternativ-accompagnement.fr\/wp-content\/uploads\/2025\/10\/Planning-2025-2026_ALTERNATIV-Accompagnement-724x1024.png 724w, https:\/\/alternativ-accompagnement.fr\/wp-content\/uploads\/2025\/10\/Planning-2025-2026_ALTERNATIV-Accompagnement-212x300.png 212w, https:\/\/alternativ-accompagnement.fr\/wp-content\/uploads\/2025\/10\/Planning-2025-2026_ALTERNATIV-Accompagnement-768x1086.png 768w, https:\/\/alternativ-accompagnement.fr\/wp-content\/uploads\/2025\/10\/Planning-2025-2026_ALTERNATIV-Accompagnement-1086x1536.png 1086w, https:\/\/alternativ-accompagnement.fr\/wp-content\/uploads\/2025\/10\/Planning-2025-2026_ALTERNATIV-Accompagnement.png 1240w\" sizes=\"auto, (max-width: 724px) 100vw, 724px\" \/><\/figure>\n\n\n\n<hr class=\"wp-block-separator has-alpha-channel-opacity\"\/>\n\n\n\n<h3 class=\"wp-block-heading\"><strong>Rejoignez notre communaut\u00e9 !<\/strong><\/h3>\n\n\n\n<ul class=\"wp-block-list\">\n<li><a href=\"https:\/\/www.facebook.com\/MELANIEWCOACHING\">Page Facebook<\/a><\/li>\n\n\n\n<li><a href=\"https:\/\/www.facebook.com\/groups\/1343334632794838\">Groupe Facebook<\/a><\/li>\n<\/ul>\n\n\n\n<p>Contactez-nous pour en savoir plus :<br>\ud83d\udce7 <strong><a>bienetre.animation@gmail.com<\/a><\/strong><br>\ud83d\udcde <strong>06 51 91 22 17<\/strong><\/p>\n","protected":false},"excerpt":{"rendered":"<p>Alternativ\u2019 Accompagnement est une association d\u00e9di\u00e9e au d\u00e9veloppement personnel et au bien-\u00eatre, pour les adultes et les enfants. Nous proposons un espace unique o\u00f9 chacun peut venir puiser, partager et grandir gr\u00e2ce \u00e0 des ateliers th\u00e9matiques, des moments de d\u00e9tente et des \u00e9changes enrichissants. Notre mission : Accompagner chaque individu dans son \u00e9panouissement personnel et\/ou [&hellip;]<\/p>\n","protected":false},"author":1,"featured_media":0,"parent":0,"menu_order":0,"comment_status":"closed","ping_status":"closed","template":"","meta":{"footnotes":""},"class_list":["post-25","page","type-page","status-publish","hentry"],"_links":{"self":[{"href":"https:\/\/alternativ-accompagnement.fr\/index.php\/wp-json\/wp\/v2\/pages\/25","targetHints":{"allow":["GET"]}}],"collection":[{"href":"https:\/\/alternativ-accompagnement.fr\/index.php\/wp-json\/wp\/v2\/pages"}],"about":[{"href":"https:\/\/alternativ-accompagnement.fr\/index.php\/wp-json\/wp\/v2\/types\/page"}],"author":[{"embeddable":true,"href":"https:\/\/alternativ-accompagnement.fr\/index.php\/wp-json\/wp\/v2\/users\/1"}],"replies":[{"embeddable":true,"href":"https:\/\/alternativ-accompagnement.fr\/index.php\/wp-json\/wp\/v2\/comments?post=25"}],"version-history":[{"count":22,"href":"https:\/\/alternativ-accompagnement.fr\/index.php\/wp-json\/wp\/v2\/pages\/25\/revisions"}],"predecessor-version":[{"id":98,"href":"https:\/\/alternativ-accompagnement.fr\/index.php\/wp-json\/wp\/v2\/pages\/25\/revisions\/98"}],"wp:attachment":[{"href":"https:\/\/alternativ-accompagnement.fr\/index.php\/wp-json\/wp\/v2\/media?parent=25"}],"curies":[{"name":"wp","href":"https:\/\/api.w.org\/{rel}","templated":true}]}}